{"id":481,"date":"2024-01-29T16:39:15","date_gmt":"2024-01-29T21:39:15","guid":{"rendered":"https:\/\/calechesquebec.com\/about\/"},"modified":"2026-03-09T13:31:54","modified_gmt":"2026-03-09T17:31:54","slug":"about","status":"publish","type":"page","link":"https:\/\/calechesquebec.com\/en\/about\/","title":{"rendered":"About Us"},"content":{"rendered":"\t\t<div data-elementor-type=\"wp-page\" data-elementor-id=\"481\" class=\"elementor elementor-481 elementor-21\" data-elementor-post-type=\"page\">\n\t\t\t\t<div class=\"elementor-element elementor-element-a86a75a e-flex e-con-boxed e-con e-parent\" data-id=\"a86a75a\" data-element_type=\"container\" data-e-type=\"container\">\n\t\t\t\t\t<div class=\"e-con-inner\">\n\t\t\t\t<div class=\"elementor-element elementor-element-ae253fc elementor-absolute elementor-widget elementor-widget-image\" data-id=\"ae253fc\" data-element_type=\"widget\" data-e-type=\"widget\" data-settings=\"{&quot;_position&quot;:&quot;absolute&quot;}\" data-widget_type=\"image.default\">\n\t\t\t\t\t\t\t\t\t\t\t\t\t\t\t<img fetchpriority=\"high\" decoding=\"async\" width=\"1920\" height=\"1000\" src=\"https:\/\/calechesquebec.com\/wp-content\/uploads\/caleches-quebec-tramway-st-louis-street-tour.webp\" class=\"attachment-full size-full wp-image-473\" alt=\"Horse-drawn trolley from Cal\u00e8ches Qu\u00e9bec, descending Saint-Louis Street, passing by the Aux Anciens Canadiens restaurant, with families on a guided tour.\" \/>\t\t\t\t\t\t\t\t\t\t\t\t\t\t\t<\/div>\n\t\t<div class=\"elementor-element elementor-element-ad45330 e-con-full e-flex e-con e-child\" data-id=\"ad45330\" data-element_type=\"container\" data-e-type=\"container\" data-settings=\"{&quot;position&quot;:&quot;absolute&quot;}\">\n\t\t\t\t<\/div>\n\t\t<div class=\"elementor-element elementor-element-9e4fb15 e-con-full e-flex e-con e-child\" data-id=\"9e4fb15\" data-element_type=\"container\" data-e-type=\"container\">\n\t\t\t\t<div class=\"elementor-element elementor-element-b0fc623 elementor-widget elementor-widget-heading\" data-id=\"b0fc623\" data-element_type=\"widget\" data-e-type=\"widget\" data-widget_type=\"heading.default\">\n\t\t\t\t\t<h2 class=\"elementor-heading-title elementor-size-default\">About Us<\/h2>\t\t\t\t<\/div>\n\t\t\t\t<div class=\"elementor-element elementor-element-275873c elementor-widget elementor-widget-text-editor\" data-id=\"275873c\" data-element_type=\"widget\" data-e-type=\"widget\" data-widget_type=\"text-editor.default\">\n\t\t\t\t\t\t\t\t\t<div class=\"et_pb_fullwidth_header_container center\"><div class=\"header-content-container center\"><div class=\"header-content\"><p>Cal\u00e8ches Qu\u00e9bec is the leading provider of horse-drawn experiences in Qu\u00e9bec City, and the only company to offer a horse-drawn tramway service.<\/p><\/div><\/div><\/div>\t\t\t\t\t\t\t\t<\/div>\n\t\t\t\t<\/div>\n\t\t\t\t<div class=\"elementor-element elementor-element-c0b8fe1 elementor-view-default elementor-widget elementor-widget-icon\" data-id=\"c0b8fe1\" data-element_type=\"widget\" data-e-type=\"widget\" data-widget_type=\"icon.default\">\n\t\t\t\t\t\t\t<div class=\"elementor-icon-wrapper\">\n\t\t\t<a class=\"elementor-icon\" href=\"#main-container\">\n\t\t\t<svg aria-hidden=\"true\" class=\"e-font-icon-svg e-fas-chevron-circle-down\" viewBox=\"0 0 512 512\" xmlns=\"http:\/\/www.w3.org\/2000\/svg\"><path d=\"M504 256c0 137-111 248-248 248S8 393 8 256 119 8 256 8s248 111 248 248zM273 369.9l135.5-135.5c9.4-9.4 9.4-24.6 0-33.9l-17-17c-9.4-9.4-24.6-9.4-33.9 0L256 285.1 154.4 183.5c-9.4-9.4-24.6-9.4-33.9 0l-17 17c-9.4 9.4-9.4 24.6 0 33.9L239 369.9c9.4 9.4 24.6 9.4 34 0z\"><\/path><\/svg>\t\t\t<\/a>\n\t\t<\/div>\n\t\t\t\t\t\t<\/div>\n\t\t\t\t\t<\/div>\n\t\t\t\t<\/div>\n\t\t<div class=\"elementor-element elementor-element-4972dac5 e-flex e-con-boxed e-con e-parent\" data-id=\"4972dac5\" data-element_type=\"container\" data-e-type=\"container\" id=\"main-container\" data-settings=\"{&quot;background_background&quot;:&quot;classic&quot;}\">\n\t\t\t\t\t<div class=\"e-con-inner\">\n\t\t<div class=\"elementor-element elementor-element-ff2078e e-con-full e-flex e-con e-child\" data-id=\"ff2078e\" data-element_type=\"container\" data-e-type=\"container\">\n\t\t\t\t<div class=\"elementor-element elementor-element-c2a48be elementor-widget elementor-widget-text-editor\" data-id=\"c2a48be\" data-element_type=\"widget\" data-e-type=\"widget\" data-widget_type=\"text-editor.default\">\n\t\t\t\t\t\t\t\t\t<p>Since 2003, our company has been inviting visitors to experience Qu\u00e9bec from the seat of a horse-drawn carriage, one of the most original and memorable ways to explore the city. Trust our experienced team to introduce you to the city\u2019s must-see landmarks and the richness of its architecture, art, and heritage. Cal\u00e8ches Qu\u00e9bec has everything needed to make each ride an unforgettable experience. Our driver-guides are trained to tailor their commentary to your interests, in the language of your choice.   <\/p>\t\t\t\t\t\t\t\t<\/div>\n\t\t\t\t<div class=\"elementor-element elementor-element-9cdaa71 elementor-widget elementor-widget-text-editor\" data-id=\"9cdaa71\" data-element_type=\"widget\" data-e-type=\"widget\" data-widget_type=\"text-editor.default\">\n\t\t\t\t\t\t\t\t\t<p>Whether you wish to discover Qu\u00e9bec through its history, culture, gastronomy, or romantic charm, our guides will satisfy your curiosity. <a href=\"#\">Book your horse-drawn carriage ride today. <\/a><\/p>\t\t\t\t\t\t\t\t<\/div>\n\t\t\t\t<\/div>\n\t\t\t\t\t<\/div>\n\t\t\t\t<\/div>\n\t\t<div data-dce-background-image-url=\"http:\/\/calechesquebec.com\/wp-content\/uploads\/1920x1000-SliderSection.jpg\" class=\"elementor-element elementor-element-5ea9ce2 e-flex e-con-boxed e-con e-parent\" data-id=\"5ea9ce2\" data-element_type=\"container\" data-e-type=\"container\" data-settings=\"{&quot;background_background&quot;:&quot;classic&quot;,&quot;background_motion_fx_translateY_speed&quot;:{&quot;unit&quot;:&quot;px&quot;,&quot;size&quot;:10,&quot;sizes&quot;:[]},&quot;background_motion_fx_motion_fx_scrolling&quot;:&quot;yes&quot;,&quot;background_motion_fx_translateY_effect&quot;:&quot;yes&quot;,&quot;background_motion_fx_translateX_effect&quot;:&quot;yes&quot;,&quot;background_motion_fx_translateY_affectedRange&quot;:{&quot;unit&quot;:&quot;%&quot;,&quot;size&quot;:&quot;&quot;,&quot;sizes&quot;:{&quot;start&quot;:0,&quot;end&quot;:100}},&quot;background_motion_fx_translateX_speed&quot;:{&quot;unit&quot;:&quot;px&quot;,&quot;size&quot;:4,&quot;sizes&quot;:[]},&quot;background_motion_fx_translateX_affectedRange&quot;:{&quot;unit&quot;:&quot;%&quot;,&quot;size&quot;:&quot;&quot;,&quot;sizes&quot;:{&quot;start&quot;:0,&quot;end&quot;:100}},&quot;background_motion_fx_devices&quot;:[&quot;desktop&quot;,&quot;tablet&quot;,&quot;mobile&quot;]}\">\n\t\t\t\t\t<div class=\"e-con-inner\">\n\t\t<div class=\"elementor-element elementor-element-5f92e79 e-con-full e-flex e-con e-child\" data-id=\"5f92e79\" data-element_type=\"container\" data-e-type=\"container\">\n\t\t\t\t<div class=\"elementor-element elementor-element-49a26e4 elementor-widget elementor-widget-heading\" data-id=\"49a26e4\" data-element_type=\"widget\" data-e-type=\"widget\" data-widget_type=\"heading.default\">\n\t\t\t\t\t<h2 class=\"elementor-heading-title elementor-size-default\">Our mission<\/h2>\t\t\t\t<\/div>\n\t\t\t\t<\/div>\n\t\t<div class=\"elementor-element elementor-element-b1ef8f5 e-con-full e-flex e-con e-child\" data-id=\"b1ef8f5\" data-element_type=\"container\" data-e-type=\"container\">\n\t\t\t\t<div class=\"elementor-element elementor-element-3c29338 elementor-widget elementor-widget-text-editor\" data-id=\"3c29338\" data-element_type=\"widget\" data-e-type=\"widget\" data-widget_type=\"text-editor.default\">\n\t\t\t\t\t\t\t\t\t<div class=\"elementor-element elementor-element-5b4f87e e-con-full e-flex e-con e-child\" data-id=\"5b4f87e\" data-element_type=\"container\" data-e-type=\"container\"><div class=\"elementor-element elementor-element-b769a82 elementor-widget elementor-widget-text-editor\" data-id=\"b769a82\" data-element_type=\"widget\" data-e-type=\"widget\" data-widget_type=\"text-editor.default\"><div class=\"elementor-widget-container\"><p>To provide the tourism industry in the Greater Quebec City Area with distinctive horse-drawn transport services while maintaining the highest quality standards and ensuring the utmost respect for horses.<\/p><\/div><\/div><\/div>\t\t\t\t\t\t\t\t<\/div>\n\t\t\t\t<\/div>\n\t\t\t\t\t<\/div>\n\t\t\t\t<\/div>\n\t\t<div class=\"elementor-element elementor-element-9df4deb e-flex e-con-boxed e-con e-parent\" data-id=\"9df4deb\" data-element_type=\"container\" data-e-type=\"container\" data-settings=\"{&quot;background_background&quot;:&quot;classic&quot;}\">\n\t\t\t\t\t<div class=\"e-con-inner\">\n\t\t<div class=\"elementor-element elementor-element-3d3af8c e-con-full e-flex e-con e-child\" data-id=\"3d3af8c\" data-element_type=\"container\" data-e-type=\"container\">\n\t\t\t\t<div class=\"elementor-element elementor-element-6026b3a elementor-widget elementor-widget-heading\" data-id=\"6026b3a\" data-element_type=\"widget\" data-e-type=\"widget\" data-widget_type=\"heading.default\">\n\t\t\t\t\t<h2 class=\"elementor-heading-title elementor-size-default\">Our corporate values<\/h2>\t\t\t\t<\/div>\n\t\t<div class=\"elementor-element elementor-element-686c5eb e-grid e-con-full e-con e-child\" data-id=\"686c5eb\" data-element_type=\"container\" data-e-type=\"container\">\n\t\t<div class=\"elementor-element elementor-element-ae408d2 e-con-full e-flex e-con e-child\" data-id=\"ae408d2\" data-element_type=\"container\" data-e-type=\"container\">\n\t\t\t\t<div class=\"elementor-element elementor-element-0da4b70 elementor-widget elementor-widget-heading\" data-id=\"0da4b70\" data-element_type=\"widget\" data-e-type=\"widget\" data-widget_type=\"heading.default\">\n\t\t\t\t\t<h3 class=\"elementor-heading-title elementor-size-default\">Respect<\/h3>\t\t\t\t<\/div>\n\t\t\t\t<div class=\"elementor-element elementor-element-5d0e961 elementor-widget elementor-widget-text-editor\" data-id=\"5d0e961\" data-element_type=\"widget\" data-e-type=\"widget\" data-widget_type=\"text-editor.default\">\n\t\t\t\t\t\t\t\t\t<p>At Cal\u00e8ches Qu\u00e9bec, we believe that success hinges on respect and a high regard for our customers, horses and colleagues as well as our equipment.<\/p>\t\t\t\t\t\t\t\t<\/div>\n\t\t\t\t<\/div>\n\t\t<div class=\"elementor-element elementor-element-a0a0e09 e-con-full e-flex e-con e-child\" data-id=\"a0a0e09\" data-element_type=\"container\" data-e-type=\"container\">\n\t\t\t\t<div class=\"elementor-element elementor-element-9b839ff elementor-widget elementor-widget-heading\" data-id=\"9b839ff\" data-element_type=\"widget\" data-e-type=\"widget\" data-widget_type=\"heading.default\">\n\t\t\t\t\t<h3 class=\"elementor-heading-title elementor-size-default\">Commitment<\/h3>\t\t\t\t<\/div>\n\t\t\t\t<div class=\"elementor-element elementor-element-b1b0d67 elementor-widget elementor-widget-text-editor\" data-id=\"b1b0d67\" data-element_type=\"widget\" data-e-type=\"widget\" data-widget_type=\"text-editor.default\">\n\t\t\t\t\t\t\t\t\t<p>In our quest for excellence, we all work together and act in a manner that fosters happiness for all involved, be it our clients, our horses or simple passers-by.<\/p>\t\t\t\t\t\t\t\t<\/div>\n\t\t\t\t<\/div>\n\t\t<div class=\"elementor-element elementor-element-a48f9ad e-con-full e-flex e-con e-child\" data-id=\"a48f9ad\" data-element_type=\"container\" data-e-type=\"container\">\n\t\t\t\t<div class=\"elementor-element elementor-element-1ae06fd elementor-widget elementor-widget-heading\" data-id=\"1ae06fd\" data-element_type=\"widget\" data-e-type=\"widget\" data-widget_type=\"heading.default\">\n\t\t\t\t\t<h3 class=\"elementor-heading-title elementor-size-default\">Professionalism<\/h3>\t\t\t\t<\/div>\n\t\t\t\t<div class=\"elementor-element elementor-element-3dc808b elementor-widget elementor-widget-text-editor\" data-id=\"3dc808b\" data-element_type=\"widget\" data-e-type=\"widget\" data-widget_type=\"text-editor.default\">\n\t\t\t\t\t\t\t\t\t<p>Professionalism is deeply embedded in our DNA. We pay great attention to the overall cleanliness of our facilities and we are constantly innovating in order to ensure our clientele always receives an impeccable service. <\/p>\t\t\t\t\t\t\t\t<\/div>\n\t\t\t\t<\/div>\n\t\t<div class=\"elementor-element elementor-element-5f2e8bf e-con-full e-flex e-con e-child\" data-id=\"5f2e8bf\" data-element_type=\"container\" data-e-type=\"container\">\n\t\t\t\t<div class=\"elementor-element elementor-element-07fae8b elementor-widget elementor-widget-heading\" data-id=\"07fae8b\" data-element_type=\"widget\" data-e-type=\"widget\" data-widget_type=\"heading.default\">\n\t\t\t\t\t<h3 class=\"elementor-heading-title elementor-size-default\">Team Spirit<\/h3>\t\t\t\t<\/div>\n\t\t\t\t<div class=\"elementor-element elementor-element-4d2beb2 elementor-widget elementor-widget-text-editor\" data-id=\"4d2beb2\" data-element_type=\"widget\" data-e-type=\"widget\" data-widget_type=\"text-editor.default\">\n\t\t\t\t\t\t\t\t\t<p>The true meaning of team spirit is the ability to pool everyone\u2019s individual strengths, while depending strongly on each other. In everything they do, each member of our team plays a part in meeting the challenges we have set for ourselves. <\/p>\t\t\t\t\t\t\t\t<\/div>\n\t\t\t\t<\/div>\n\t\t\t\t<\/div>\n\t\t\t\t<\/div>\n\t\t\t\t\t<\/div>\n\t\t\t\t<\/div>\n\t\t\t\t<\/div>\n\t\t","protected":false},"excerpt":{"rendered":"<p>About Us Cal\u00e8ches Qu\u00e9bec is the leading provider of horse-drawn experiences in Qu\u00e9bec City, and the only company to offer a horse-drawn tramway service. Since 2003, our company has been inviting visitors to experience Qu\u00e9bec from the seat of a horse-drawn carriage, one of the most original and memorable ways to explore the city. Trust [&hellip;]<\/p>\n","protected":false},"author":1,"featured_media":0,"parent":0,"menu_order":0,"comment_status":"closed","ping_status":"closed","template":"","meta":{"_acf_changed":false,"footnotes":""},"class_list":["post-481","page","type-page","status-publish","hentry"],"acf":[],"_links":{"self":[{"href":"https:\/\/calechesquebec.com\/en\/wp-json\/wp\/v2\/pages\/481","targetHints":{"allow":["GET"]}}],"collection":[{"href":"https:\/\/calechesquebec.com\/en\/wp-json\/wp\/v2\/pages"}],"about":[{"href":"https:\/\/calechesquebec.com\/en\/wp-json\/wp\/v2\/types\/page"}],"author":[{"embeddable":true,"href":"https:\/\/calechesquebec.com\/en\/wp-json\/wp\/v2\/users\/1"}],"replies":[{"embeddable":true,"href":"https:\/\/calechesquebec.com\/en\/wp-json\/wp\/v2\/comments?post=481"}],"version-history":[{"count":0,"href":"https:\/\/calechesquebec.com\/en\/wp-json\/wp\/v2\/pages\/481\/revisions"}],"wp:attachment":[{"href":"https:\/\/calechesquebec.com\/en\/wp-json\/wp\/v2\/media?parent=481"}],"curies":[{"name":"wp","href":"https:\/\/api.w.org\/{rel}","templated":true}]}}