{"id":483,"date":"2024-01-29T16:39:32","date_gmt":"2024-01-29T21:39:32","guid":{"rendered":"https:\/\/calechesquebec.com\/contact-us\/"},"modified":"2026-03-14T18:44:36","modified_gmt":"2026-03-14T22:44:36","slug":"contact-us","status":"publish","type":"page","link":"https:\/\/calechesquebec.com\/en\/contact-us\/","title":{"rendered":"Contact us"},"content":{"rendered":"\t\t<div data-elementor-type=\"wp-page\" data-elementor-id=\"483\" class=\"elementor elementor-483 elementor-23\" data-elementor-post-type=\"page\">\n\t\t\t\t<div class=\"elementor-element elementor-element-b729104 e-flex e-con-boxed e-con e-parent\" data-id=\"b729104\" data-element_type=\"container\" data-e-type=\"container\">\n\t\t\t\t\t<div class=\"e-con-inner\">\n\t\t\t\t<div class=\"elementor-element elementor-element-0b0891a elementor-absolute elementor-widget elementor-widget-image\" data-id=\"0b0891a\" data-element_type=\"widget\" data-e-type=\"widget\" data-settings=\"{&quot;_position&quot;:&quot;absolute&quot;}\" data-widget_type=\"image.default\">\n\t\t\t\t\t\t\t\t\t\t\t\t\t\t\t<img fetchpriority=\"high\" decoding=\"async\" width=\"1500\" height=\"1000\" src=\"https:\/\/calechesquebec.com\/wp-content\/uploads\/horse-drawn-carriage-porte-parliament-quebec-city-1.webp\" class=\"attachment-full size-full wp-image-2669\" alt=\"\" srcset=\"https:\/\/calechesquebec.com\/wp-content\/uploads\/horse-drawn-carriage-porte-parliament-quebec-city-1.webp 1500w, https:\/\/calechesquebec.com\/wp-content\/uploads\/horse-drawn-carriage-porte-parliament-quebec-city-1-300x200.webp 300w, https:\/\/calechesquebec.com\/wp-content\/uploads\/horse-drawn-carriage-porte-parliament-quebec-city-1-1024x683.webp 1024w, https:\/\/calechesquebec.com\/wp-content\/uploads\/horse-drawn-carriage-porte-parliament-quebec-city-1-768x512.webp 768w\" sizes=\"(max-width: 1500px) 100vw, 1500px\" \/>\t\t\t\t\t\t\t\t\t\t\t\t\t\t\t<\/div>\n\t\t<div class=\"elementor-element elementor-element-7d6f343 e-con-full e-flex e-con e-child\" data-id=\"7d6f343\" data-element_type=\"container\" data-e-type=\"container\" data-settings=\"{&quot;position&quot;:&quot;absolute&quot;}\">\n\t\t\t\t<\/div>\n\t\t<div class=\"elementor-element elementor-element-0483aae e-con-full e-flex e-con e-child\" data-id=\"0483aae\" data-element_type=\"container\" data-e-type=\"container\">\n\t\t\t\t<div class=\"elementor-element elementor-element-0e5f31f elementor-widget elementor-widget-heading\" data-id=\"0e5f31f\" data-element_type=\"widget\" data-e-type=\"widget\" data-widget_type=\"heading.default\">\n\t\t\t\t\t<h2 class=\"elementor-heading-title elementor-size-default\">Contact us<\/h2>\t\t\t\t<\/div>\n\t\t\t\t<\/div>\n\t\t\t\t<div class=\"elementor-element elementor-element-92dc051 elementor-view-default elementor-widget elementor-widget-icon\" data-id=\"92dc051\" data-element_type=\"widget\" data-e-type=\"widget\" data-widget_type=\"icon.default\">\n\t\t\t\t\t\t\t<div class=\"elementor-icon-wrapper\">\n\t\t\t<a class=\"elementor-icon\" href=\"#main-container\">\n\t\t\t<svg aria-hidden=\"true\" class=\"e-font-icon-svg e-fas-chevron-circle-down\" viewBox=\"0 0 512 512\" xmlns=\"http:\/\/www.w3.org\/2000\/svg\"><path d=\"M504 256c0 137-111 248-248 248S8 393 8 256 119 8 256 8s248 111 248 248zM273 369.9l135.5-135.5c9.4-9.4 9.4-24.6 0-33.9l-17-17c-9.4-9.4-24.6-9.4-33.9 0L256 285.1 154.4 183.5c-9.4-9.4-24.6-9.4-33.9 0l-17 17c-9.4 9.4-9.4 24.6 0 33.9L239 369.9c9.4 9.4 24.6 9.4 34 0z\"><\/path><\/svg>\t\t\t<\/a>\n\t\t<\/div>\n\t\t\t\t\t\t<\/div>\n\t\t\t\t\t<\/div>\n\t\t\t\t<\/div>\n\t\t<div class=\"elementor-element elementor-element-3ce5f4a9 e-flex e-con-boxed e-con e-parent\" data-id=\"3ce5f4a9\" data-element_type=\"container\" data-e-type=\"container\" id=\"main-container\" data-settings=\"{&quot;background_background&quot;:&quot;classic&quot;}\">\n\t\t\t\t\t<div class=\"e-con-inner\">\n\t\t<div class=\"elementor-element elementor-element-4e23070 e-flex e-con-boxed e-con e-child\" data-id=\"4e23070\" data-element_type=\"container\" data-e-type=\"container\">\n\t\t\t\t\t<div class=\"e-con-inner\">\n\t\t\t\t<div class=\"elementor-element elementor-element-572b449 elementor-widget elementor-widget-heading\" data-id=\"572b449\" data-element_type=\"widget\" data-e-type=\"widget\" data-widget_type=\"heading.default\">\n\t\t\t\t\t<h3 class=\"elementor-heading-title elementor-size-default\">Contact form<\/h3>\t\t\t\t<\/div>\n\t\t\t\t<div class=\"elementor-element elementor-element-3bb259f elementor-widget elementor-widget-wpforms\" data-id=\"3bb259f\" data-element_type=\"widget\" data-e-type=\"widget\" data-widget_type=\"wpforms.default\">\n\t\t\t\t<div class=\"elementor-widget-container\">\n\t\t\t\t\t<style id=\"wpforms-css-vars-elementor-widget-3bb259f\">\n\t\t\t\t.elementor-widget-wpforms.elementor-element-3bb259f {\n\t\t\t\t--wpforms-label-color: #2D2D2D;\n--wpforms-field-text-color: #2D2D2D;\n--wpforms-button-background-color: #D4AF37;\n--wpforms-field-background-color: #F5F5F1;\n\t\t\t}\n\t\t\t<\/style><div class=\"wpforms-container wpforms-container-full wpforms-form-abandonment wpforms-render-modern\" id=\"wpforms-267\"><form id=\"wpforms-form-267\" class=\"wpforms-validate wpforms-form wpforms-ajax-form\" data-formid=\"267\" method=\"post\" enctype=\"multipart\/form-data\" action=\"\/en\/wp-json\/wp\/v2\/pages\/483\" data-token=\"fccc9c9eee700cdfc2a1946799f54357\" data-token-time=\"1775739955\"><noscript class=\"wpforms-error-noscript\">Please enable JavaScript in your browser to complete this form.<\/noscript><div id=\"wpforms-error-noscript\" style=\"display: none;\">Please enable JavaScript in your browser to complete this form.<\/div><div class=\"wpforms-field-container\"><div id=\"wpforms-267-field_0-container\" class=\"wpforms-field wpforms-field-name\" data-field-id=\"0\"><label class=\"wpforms-field-label wpforms-label-hide\" for=\"wpforms-267-field_0\" aria-hidden=\"false\">Name <span class=\"wpforms-required-label\" aria-hidden=\"true\">*<\/span><\/label><input type=\"text\" id=\"wpforms-267-field_0\" class=\"wpforms-field-medium wpforms-field-required\" name=\"wpforms[fields][0]\" placeholder=\"Name\" aria-errormessage=\"wpforms-267-field_0-error\" required><\/div><div id=\"wpforms-267-field_1-container\" class=\"wpforms-field wpforms-field-email\" data-field-id=\"1\"><label class=\"wpforms-field-label wpforms-label-hide\" for=\"wpforms-267-field_1\" aria-hidden=\"false\">Email <span class=\"wpforms-required-label\" aria-hidden=\"true\">*<\/span><\/label><input type=\"email\" id=\"wpforms-267-field_1\" class=\"wpforms-field-medium wpforms-field-required\" name=\"wpforms[fields][1]\" placeholder=\"Email\" spellcheck=\"false\" aria-errormessage=\"wpforms-267-field_1-error\" required><\/div><div id=\"wpforms-267-field_3-container\" class=\"wpforms-field wpforms-field-phone\" data-field-id=\"3\"><label class=\"wpforms-field-label wpforms-label-hide\" for=\"wpforms-267-field_3\" aria-hidden=\"false\">Phone<\/label><input type=\"tel\" id=\"wpforms-267-field_3\" class=\"wpforms-field-medium wpforms-smart-phone-field\" data-rule-smart-phone-field=\"true\" name=\"wpforms[fields][3]\" placeholder=\"Phone\" aria-label=\"Phone\" aria-errormessage=\"wpforms-267-field_3-error\" ><\/div><div id=\"wpforms-267-field_2-container\" class=\"wpforms-field wpforms-field-textarea\" data-field-id=\"2\"><label class=\"wpforms-field-label wpforms-label-hide\" for=\"wpforms-267-field_2\" aria-hidden=\"false\">Message<\/label><textarea id=\"wpforms-267-field_2\" class=\"wpforms-field-medium\" name=\"wpforms[fields][2]\" placeholder=\"Message\" aria-errormessage=\"wpforms-267-field_2-error\" ><\/textarea><\/div><\/div><!-- .wpforms-field-container --><div class=\"wpforms-recaptcha-container wpforms-is-turnstile\" ><div class=\"wpforms-turnstile\" data-sitekey=\"0x4AAAAAAAUcfyGub_x8IuLP\" data-action=\"FormID-267\"><\/div><input type=\"text\" name=\"g-recaptcha-hidden\" class=\"wpforms-recaptcha-hidden\" style=\"position:absolute!important;clip:rect(0,0,0,0)!important;height:1px!important;width:1px!important;border:0!important;overflow:hidden!important;padding:0!important;margin:0!important;\" data-rule-turnstile=\"1\"><\/div><div class=\"wpforms-submit-container\" ><input type=\"hidden\" name=\"wpforms[id]\" value=\"267\"><input type=\"hidden\" name=\"page_title\" value=\"\"><input type=\"hidden\" name=\"page_url\" value=\"https:\/\/calechesquebec.com\/en\/wp-json\/wp\/v2\/pages\/483\"><input type=\"hidden\" name=\"url_referer\" value=\"\"><button type=\"submit\" name=\"wpforms[submit]\" id=\"wpforms-submit-267\" class=\"wpforms-submit\" data-alt-text=\"Sending...\" data-submit-text=\"Send message\" aria-live=\"assertive\" value=\"wpforms-submit\">Send message<\/button><img decoding=\"async\" src=\"https:\/\/calechesquebec.com\/wp-content\/plugins\/wpforms\/assets\/images\/submit-spin.svg\" class=\"wpforms-submit-spinner\" style=\"display: none;\" width=\"26\" height=\"26\" alt=\"Loading\"><\/div><\/form><\/div>  <!-- .wpforms-container -->\t\t\t\t<\/div>\n\t\t\t\t<\/div>\n\t\t\t\t<div class=\"elementor-element elementor-element-fa687fa elementor-widget elementor-widget-heading\" data-id=\"fa687fa\" data-element_type=\"widget\" data-e-type=\"widget\" data-widget_type=\"heading.default\">\n\t\t\t\t\t<h3 class=\"elementor-heading-title elementor-size-default\">Company contact information<\/h3>\t\t\t\t<\/div>\n\t\t\t\t<div class=\"elementor-element elementor-element-5895565 elementor-widget elementor-widget-text-editor\" data-id=\"5895565\" data-element_type=\"widget\" data-e-type=\"widget\" data-widget_type=\"text-editor.default\">\n\t\t\t\t\t\t\t\t\t<p><strong>Phone :<\/strong> 418 692-0068<\/p><p><strong>Address:<\/strong> 1430 chemin Jean-Gauvin, Qu\u00e9bec (Qu\u00e9bec) G3K 1X2<\/p>\t\t\t\t\t\t\t\t<\/div>\n\t\t\t\t\t<\/div>\n\t\t\t\t<\/div>\n\t\t<div class=\"elementor-element elementor-element-bc77fc2 e-flex e-con-boxed e-con e-child\" data-id=\"bc77fc2\" data-element_type=\"container\" data-e-type=\"container\">\n\t\t\t\t\t<div class=\"e-con-inner\">\n\t\t\t\t<div class=\"elementor-element elementor-element-2daf2dca elementor-widget elementor-widget-heading\" data-id=\"2daf2dca\" data-element_type=\"widget\" data-e-type=\"widget\" data-widget_type=\"heading.default\">\n\t\t\t\t\t<h3 class=\"elementor-heading-title elementor-size-default\">Old Quebec<\/h3>\t\t\t\t<\/div>\n\t\t\t\t<div class=\"elementor-element elementor-element-f91c740 elementor-widget elementor-widget-google_maps\" data-id=\"f91c740\" data-element_type=\"widget\" data-e-type=\"widget\" data-widget_type=\"google_maps.default\">\n\t\t\t\t\t\t\t<div class=\"elementor-custom-embed\">\n\t\t\t<iframe loading=\"lazy\"\n\t\t\t\t\tsrc=\"https:\/\/maps.google.com\/maps?q=42%20Rue%20D%27Auteuil%2C%20Qu%C3%A9bec%2C%20QC%20G1R%204C4&#038;t=m&#038;z=15&#038;output=embed&#038;iwloc=near\"\n\t\t\t\t\ttitle=\"42 Rue D&#039;Auteuil, Qu\u00e9bec, QC G1R 4C4\"\n\t\t\t\t\taria-label=\"42 Rue D&#039;Auteuil, Qu\u00e9bec, QC G1R 4C4\"\n\t\t\t><\/iframe>\n\t\t<\/div>\n\t\t\t\t\t\t<\/div>\n\t\t\t\t<div class=\"elementor-element elementor-element-152cbf4 elementor-widget elementor-widget-heading\" data-id=\"152cbf4\" data-element_type=\"widget\" data-e-type=\"widget\" data-widget_type=\"heading.default\">\n\t\t\t\t\t<h3 class=\"elementor-heading-title elementor-size-default\">Mont-B\u00e9lair<\/h3>\t\t\t\t<\/div>\n\t\t\t\t<div class=\"elementor-element elementor-element-3fca805 elementor-widget elementor-widget-google_maps\" data-id=\"3fca805\" data-element_type=\"widget\" data-e-type=\"widget\" data-widget_type=\"google_maps.default\">\n\t\t\t\t\t\t\t<div class=\"elementor-custom-embed\">\n\t\t\t<iframe loading=\"lazy\"\n\t\t\t\t\tsrc=\"https:\/\/maps.google.com\/maps?q=1430%20Chem.%20Jean%20Gauvin%2C%20Qu%C3%A9bec%2C%20QC%20G3K%201X2&#038;t=m&#038;z=15&#038;output=embed&#038;iwloc=near\"\n\t\t\t\t\ttitle=\"1430 Chem. Jean Gauvin, Qu\u00e9bec, QC G3K 1X2\"\n\t\t\t\t\taria-label=\"1430 Chem. Jean Gauvin, Qu\u00e9bec, QC G3K 1X2\"\n\t\t\t><\/iframe>\n\t\t<\/div>\n\t\t\t\t\t\t<\/div>\n\t\t\t\t\t<\/div>\n\t\t\t\t<\/div>\n\t\t\t\t\t<\/div>\n\t\t\t\t<\/div>\n\t\t\t\t<\/div>\n\t\t","protected":false},"excerpt":{"rendered":"<p>Contact us Contact form Veuillez activer JavaScript dans votre navigateur pour remplir ce formulaire.Veuillez activer JavaScript dans votre navigateur pour remplir ce formulaire.Nom *Courriel *T\u00e9l\u00e9phoneMessageEnvoyer le message Company contact information Phone : 418 692-0068 Address: 1430 chemin Jean-Gauvin, Qu\u00e9bec (Qu\u00e9bec) G3K 1X2 Old Quebec Mont-B\u00e9lair<\/p>\n","protected":false},"author":1,"featured_media":0,"parent":0,"menu_order":0,"comment_status":"closed","ping_status":"closed","template":"","meta":{"_acf_changed":false,"footnotes":""},"class_list":["post-483","page","type-page","status-publish","hentry"],"acf":[],"_links":{"self":[{"href":"https:\/\/calechesquebec.com\/en\/wp-json\/wp\/v2\/pages\/483","targetHints":{"allow":["GET"]}}],"collection":[{"href":"https:\/\/calechesquebec.com\/en\/wp-json\/wp\/v2\/pages"}],"about":[{"href":"https:\/\/calechesquebec.com\/en\/wp-json\/wp\/v2\/types\/page"}],"author":[{"embeddable":true,"href":"https:\/\/calechesquebec.com\/en\/wp-json\/wp\/v2\/users\/1"}],"replies":[{"embeddable":true,"href":"https:\/\/calechesquebec.com\/en\/wp-json\/wp\/v2\/comments?post=483"}],"version-history":[{"count":0,"href":"https:\/\/calechesquebec.com\/en\/wp-json\/wp\/v2\/pages\/483\/revisions"}],"wp:attachment":[{"href":"https:\/\/calechesquebec.com\/en\/wp-json\/wp\/v2\/media?parent=483"}],"curies":[{"name":"wp","href":"https:\/\/api.w.org\/{rel}","templated":true}]}}